{"id":119,"date":"2026-01-07T17:48:57","date_gmt":"2026-01-07T16:48:57","guid":{"rendered":"http:\/\/192.168.30.200:8091\/?page_id=119"},"modified":"2026-01-07T17:55:43","modified_gmt":"2026-01-07T16:55:43","slug":"buffertmatare","status":"publish","type":"page","link":"https:\/\/linusn.net\/?page_id=119","title":{"rendered":"Buffertmatare"},"content":{"rendered":"\n<h2 class=\"wp-block-heading\">Buffertmatare<\/h2>\n\n\n\n<div class=\"wp-block-columns is-layout-flex wp-container-core-columns-is-layout-28f84493 wp-block-columns-is-layout-flex\">\n<div class=\"wp-block-column is-layout-flow wp-block-column-is-layout-flow\">\n<p>En kund har en applikation d\u00e4r en cirkul\u00e4rmatare matar fram produkter i en robotcell. F\u00f6r att cirkul\u00e4rmataren ska fungera m\u00e5ste niv\u00e5n i denna regleras noggrannt, vilket har inneburit att en operat\u00f6r m\u00e5ste fylla p\u00e5 en liten m\u00e4ngd produkter vid ett visst intervall. Kunden \u00f6nskade automatisera detta.<\/p>\n\n\n\n<figure class=\"wp-block-image size-full\"><img loading=\"lazy\" decoding=\"async\" width=\"300\" height=\"182\" src=\"http:\/\/linusn.net\/wp-content\/uploads\/2026\/01\/cirkularmatare.png\" alt=\"\" class=\"wp-image-126\"\/><\/figure>\n\n\n\n<p>Jag tog fram en enkel konstruktion f\u00f6r att m\u00f6ta kundens \u00f6nskem\u00e5l. Resultatet var en beh\u00e5llare med en matarrulle som matar fram produkter till cirkul\u00e4rmataren. Konstruktionen gjordes till stora delar av pl\u00e5t och kunden kunde sj\u00e4lv best\u00e4lla f\u00e4rdigskurna och bockade pl\u00e5tdelar fr\u00e5n Ekeby Rostfria f\u00f6r att sj\u00e4lva slutmontera maskinen tillsammans med \u00f6vriga delar som de lagt ut f\u00f6r tillverkning.<\/p>\n<\/div>\n\n\n\n<div class=\"wp-block-column is-layout-flow wp-block-column-is-layout-flow\">\n<p>Jag levererade f\u00f6rutom ritningsunderlaget ett f\u00e4rdigt styrsystem som jag sedan driftsatte p\u00e5 plats. Detta m\u00e4ter den aktuella niv\u00e5n i kundens cirkul\u00e4rmatare med en ultraljudsgivare och fyller sedan p\u00e5 produkter efter behov.<br>Styrsystemet levererades med ett komplett ritningsunderlag, installationsanvisning, bruksanvisning samt undertecknad F\u00f6rs\u00e4kran f\u00f6r inbyggnad av delvis fullbordad maskin.<\/p>\n\n\n\n<figure class=\"wp-block-image size-full is-resized\"><img loading=\"lazy\" decoding=\"async\" width=\"678\" height=\"749\" src=\"http:\/\/linusn.net\/wp-content\/uploads\/2026\/01\/Capture.png\" alt=\"\" class=\"wp-image-123\" style=\"aspect-ratio:0.9052151762970908;width:484px;height:auto\" srcset=\"https:\/\/linusn.net\/wp-content\/uploads\/2026\/01\/Capture.png 678w, https:\/\/linusn.net\/wp-content\/uploads\/2026\/01\/Capture-272x300.png 272w\" sizes=\"auto, (max-width: 678px) 100vw, 678px\" \/><\/figure>\n<\/div>\n<\/div>\n\n\n\n<p><\/p>\n","protected":false},"excerpt":{"rendered":"<p>Buffertmatare En kund har en applikation d\u00e4r en cirkul\u00e4rmatare matar fram produkter i en robotcell. F\u00f6r att cirkul\u00e4rmataren ska fungera m\u00e5ste niv\u00e5n i denna regleras noggrannt, vilket har inneburit att en operat\u00f6r m\u00e5ste fylla p\u00e5 en liten m\u00e4ngd produkter vid ett visst intervall. Kunden \u00f6nskade automatisera detta. Jag tog fram en enkel konstruktion f\u00f6r att [&hellip;]<\/p>\n","protected":false},"author":1,"featured_media":0,"parent":0,"menu_order":0,"comment_status":"closed","ping_status":"closed","template":"","meta":{"footnotes":""},"class_list":["post-119","page","type-page","status-publish","hentry"],"blocksy_meta":[],"_links":{"self":[{"href":"https:\/\/linusn.net\/index.php?rest_route=\/wp\/v2\/pages\/119","targetHints":{"allow":["GET"]}}],"collection":[{"href":"https:\/\/linusn.net\/index.php?rest_route=\/wp\/v2\/pages"}],"about":[{"href":"https:\/\/linusn.net\/index.php?rest_route=\/wp\/v2\/types\/page"}],"author":[{"embeddable":true,"href":"https:\/\/linusn.net\/index.php?rest_route=\/wp\/v2\/users\/1"}],"replies":[{"embeddable":true,"href":"https:\/\/linusn.net\/index.php?rest_route=%2Fwp%2Fv2%2Fcomments&post=119"}],"version-history":[{"count":3,"href":"https:\/\/linusn.net\/index.php?rest_route=\/wp\/v2\/pages\/119\/revisions"}],"predecessor-version":[{"id":127,"href":"https:\/\/linusn.net\/index.php?rest_route=\/wp\/v2\/pages\/119\/revisions\/127"}],"wp:attachment":[{"href":"https:\/\/linusn.net\/index.php?rest_route=%2Fwp%2Fv2%2Fmedia&parent=119"}],"curies":[{"name":"wp","href":"https:\/\/api.w.org\/{rel}","templated":true}]}}